{"id":631,"date":"2023-07-06T13:34:42","date_gmt":"2023-07-06T11:34:42","guid":{"rendered":"https:\/\/stradom.misjonarze.pl\/?page_id=631"},"modified":"2025-04-21T09:31:42","modified_gmt":"2025-04-21T07:31:42","slug":"oltarz-sw-jana-nepomucena","status":"publish","type":"page","link":"https:\/\/stradom.misjonarze.pl\/?page_id=631","title":{"rendered":"O\u0142tarz \u015bw. Jana Nepomucena"},"content":{"rendered":"\t\t<div data-elementor-type=\"wp-page\" data-elementor-id=\"631\" class=\"elementor elementor-631\">\n\t\t\t\t\t\t<header class=\"elementor-section elementor-top-section elementor-element elementor-element-cb5265e elementor-section-height-min-height elementor-section-content-middle elementor-section-stretched elementor-section-boxed elementor-section-height-default elementor-section-items-middle\" data-id=\"cb5265e\" data-element_type=\"section\" data-e-type=\"section\" data-settings=\"{&quot;background_background&quot;:&quot;classic&quot;,&quot;stretch_section&quot;:&quot;section-stretched&quot;}\">\n\t\t\t\t\t\t\t<div class=\"elementor-background-overlay\"><\/div>\n\t\t\t\t\t\t\t<div class=\"elementor-container elementor-column-gap-extended\">\n\t\t\t\t\t<div class=\"elementor-column elementor-col-16 elementor-top-column elementor-element elementor-element-1fda497a\" data-id=\"1fda497a\" data-element_type=\"column\" data-e-type=\"column\">\n\t\t\t<div class=\"elementor-widget-wrap\">\n\t\t\t\t\t\t\t<\/div>\n\t\t<\/div>\n\t\t\t\t<div class=\"elementor-column elementor-col-66 elementor-top-column elementor-element elementor-element-17228ff8\" data-id=\"17228ff8\" data-element_type=\"column\" data-e-type=\"column\">\n\t\t\t<div class=\"elementor-widget-wrap elementor-element-populated\">\n\t\t\t\t\t\t<section class=\"elementor-section elementor-inner-section elementor-element elementor-element-5cf16994 elementor-section-content-middle elementor-section-boxed elementor-section-height-default elementor-section-height-default\" data-id=\"5cf16994\" data-element_type=\"section\" data-e-type=\"section\">\n\t\t\t\t\t\t<div class=\"elementor-container elementor-column-gap-default\">\n\t\t\t\t\t<div class=\"elementor-column elementor-col-33 elementor-inner-column elementor-element elementor-element-4d266f35\" data-id=\"4d266f35\" data-element_type=\"column\" data-e-type=\"column\">\n\t\t\t<div class=\"elementor-widget-wrap elementor-element-populated\">\n\t\t\t\t\t\t<div class=\"elementor-element elementor-element-3e0be387 elementor-widget-divider--view-line elementor-widget elementor-widget-divider\" data-id=\"3e0be387\" data-element_type=\"widget\" data-e-type=\"widget\" data-widget_type=\"divider.default\">\n\t\t\t\t<div class=\"elementor-widget-container\">\n\t\t\t\t\t\t\t<div class=\"elementor-divider\">\n\t\t\t<span class=\"elementor-divider-separator\">\n\t\t\t\t\t\t<\/span>\n\t\t<\/div>\n\t\t\t\t\t\t<\/div>\n\t\t\t\t<\/div>\n\t\t\t\t\t<\/div>\n\t\t<\/div>\n\t\t\t\t<div class=\"elementor-column elementor-col-33 elementor-inner-column elementor-element elementor-element-12461e0d\" data-id=\"12461e0d\" data-element_type=\"column\" data-e-type=\"column\">\n\t\t\t<div class=\"elementor-widget-wrap elementor-element-populated\">\n\t\t\t\t\t\t<div class=\"elementor-element elementor-element-5c7d3356 elementor-view-stacked elementor-shape-circle elementor-widget elementor-widget-icon\" data-id=\"5c7d3356\" data-element_type=\"widget\" data-e-type=\"widget\" data-widget_type=\"icon.default\">\n\t\t\t\t<div class=\"elementor-widget-container\">\n\t\t\t\t\t\t\t<div class=\"elementor-icon-wrapper\">\n\t\t\t<div class=\"elementor-icon\">\n\t\t\t<i aria-hidden=\"true\" class=\"fas fa-church\"><\/i>\t\t\t<\/div>\n\t\t<\/div>\n\t\t\t\t\t\t<\/div>\n\t\t\t\t<\/div>\n\t\t\t\t\t<\/div>\n\t\t<\/div>\n\t\t\t\t<div class=\"elementor-column elementor-col-33 elementor-inner-column elementor-element elementor-element-3cea695b\" data-id=\"3cea695b\" data-element_type=\"column\" data-e-type=\"column\">\n\t\t\t<div class=\"elementor-widget-wrap elementor-element-populated\">\n\t\t\t\t\t\t<div class=\"elementor-element elementor-element-59207495 elementor-hidden-phone elementor-widget-divider--view-line elementor-widget elementor-widget-divider\" data-id=\"59207495\" data-element_type=\"widget\" data-e-type=\"widget\" data-widget_type=\"divider.default\">\n\t\t\t\t<div class=\"elementor-widget-container\">\n\t\t\t\t\t\t\t<div class=\"elementor-divider\">\n\t\t\t<span class=\"elementor-divider-separator\">\n\t\t\t\t\t\t<\/span>\n\t\t<\/div>\n\t\t\t\t\t\t<\/div>\n\t\t\t\t<\/div>\n\t\t\t\t\t<\/div>\n\t\t<\/div>\n\t\t\t\t\t<\/div>\n\t\t<\/section>\n\t\t\t\t<div class=\"elementor-element elementor-element-5bcca51c elementor-invisible elementor-widget elementor-widget-heading\" data-id=\"5bcca51c\" data-element_type=\"widget\" data-e-type=\"widget\" data-settings=\"{&quot;_animation&quot;:&quot;fadeInDown&quot;}\" data-widget_type=\"heading.default\">\n\t\t\t\t<div class=\"elementor-widget-container\">\n\t\t\t\t\t<h1 class=\"elementor-heading-title elementor-size-default\">O\u0142tarz \u015bw. Jana Nepomucena<\/h1>\t\t\t\t<\/div>\n\t\t\t\t<\/div>\n\t\t\t\t<div class=\"elementor-element elementor-element-5e1bffea elementor-widget-divider--view-line elementor-widget elementor-widget-divider\" data-id=\"5e1bffea\" data-element_type=\"widget\" data-e-type=\"widget\" data-widget_type=\"divider.default\">\n\t\t\t\t<div class=\"elementor-widget-container\">\n\t\t\t\t\t\t\t<div class=\"elementor-divider\">\n\t\t\t<span class=\"elementor-divider-separator\">\n\t\t\t\t\t\t<\/span>\n\t\t<\/div>\n\t\t\t\t\t\t<\/div>\n\t\t\t\t<\/div>\n\t\t\t\t<div class=\"elementor-element elementor-element-452764c7 elementor-widget elementor-widget-text-editor\" data-id=\"452764c7\" data-element_type=\"widget\" data-e-type=\"widget\" data-widget_type=\"text-editor.default\">\n\t\t\t\t<div class=\"elementor-widget-container\">\n\t\t\t\t\t\t\t\t\t<p class=\"p1\">Wykonany w pierwszej po\u0142owie XVIII wieku. Obraz \u015bw. Jana Nepomucena z ukazuj\u0105c\u0105 si\u0119 Matk\u0105 Bosk\u0105 z Dzieci\u0105tkiem jest autorstwa T. Kuntzego, ok. 1758 r.<\/p>\t\t\t\t\t\t\t\t<\/div>\n\t\t\t\t<\/div>\n\t\t\t\t\t<\/div>\n\t\t<\/div>\n\t\t\t\t<div class=\"elementor-column elementor-col-16 elementor-top-column elementor-element elementor-element-3659f4de\" data-id=\"3659f4de\" data-element_type=\"column\" data-e-type=\"column\">\n\t\t\t<div class=\"elementor-widget-wrap\">\n\t\t\t\t\t\t\t<\/div>\n\t\t<\/div>\n\t\t\t\t\t<\/div>\n\t\t<\/header>\n\t\t\t\t<section class=\"elementor-section elementor-top-section elementor-element elementor-element-b8ce78c elementor-section-stretched elementor-section-boxed elementor-section-height-default elementor-section-height-default\" data-id=\"b8ce78c\" data-element_type=\"section\" data-e-type=\"section\" data-settings=\"{&quot;background_background&quot;:&quot;classic&quot;,&quot;stretch_section&quot;:&quot;section-stretched&quot;}\">\n\t\t\t\t\t\t\t<div class=\"elementor-background-overlay\"><\/div>\n\t\t\t\t\t\t\t<div class=\"elementor-container elementor-column-gap-extended\">\n\t\t\t\t\t<div class=\"elementor-column elementor-col-100 elementor-top-column elementor-element elementor-element-5c45b71d\" data-id=\"5c45b71d\" data-element_type=\"column\" data-e-type=\"column\">\n\t\t\t<div class=\"elementor-widget-wrap elementor-element-populated\">\n\t\t\t\t\t\t<section class=\"elementor-section elementor-inner-section elementor-element elementor-element-8ee674d elementor-section-height-min-height elementor-section-content-middle elementor-section-boxed elementor-section-height-default elementor-invisible\" data-id=\"8ee674d\" data-element_type=\"section\" data-e-type=\"section\" data-settings=\"{&quot;animation&quot;:&quot;fadeInUp&quot;}\">\n\t\t\t\t\t\t<div class=\"elementor-container elementor-column-gap-no\">\n\t\t\t\t\t<div class=\"elementor-column elementor-col-50 elementor-inner-column elementor-element elementor-element-4375f7fb\" data-id=\"4375f7fb\" data-element_type=\"column\" data-e-type=\"column\" data-settings=\"{&quot;background_background&quot;:&quot;classic&quot;}\">\n\t\t\t<div class=\"elementor-widget-wrap elementor-element-populated\">\n\t\t\t\t\t\t<div class=\"elementor-element elementor-element-4e8a1dd3 elementor-widget elementor-widget-image\" data-id=\"4e8a1dd3\" data-element_type=\"widget\" data-e-type=\"widget\" data-widget_type=\"image.default\">\n\t\t\t\t<div class=\"elementor-widget-container\">\n\t\t\t\t\t\t\t\t\t\t\t\t\t\t\t<img fetchpriority=\"high\" decoding=\"async\" width=\"720\" height=\"478\" src=\"https:\/\/stradom.misjonarze.pl\/wp-content\/uploads\/2024\/12\/slider3-1024x680.jpg\" class=\"attachment-large size-large wp-image-1056\" alt=\"\" srcset=\"https:\/\/stradom.misjonarze.pl\/wp-content\/uploads\/2024\/12\/slider3-1024x680.jpg 1024w, https:\/\/stradom.misjonarze.pl\/wp-content\/uploads\/2024\/12\/slider3-300x199.jpg 300w, https:\/\/stradom.misjonarze.pl\/wp-content\/uploads\/2024\/12\/slider3-768x510.jpg 768w, https:\/\/stradom.misjonarze.pl\/wp-content\/uploads\/2024\/12\/slider3-1536x1020.jpg 1536w, https:\/\/stradom.misjonarze.pl\/wp-content\/uploads\/2024\/12\/slider3-600x399.jpg 600w, https:\/\/stradom.misjonarze.pl\/wp-content\/uploads\/2024\/12\/slider3.jpg 1656w\" sizes=\"(max-width: 720px) 100vw, 720px\" \/>\t\t\t\t\t\t\t\t\t\t\t\t\t\t\t<\/div>\n\t\t\t\t<\/div>\n\t\t\t\t\t<\/div>\n\t\t<\/div>\n\t\t\t\t<div class=\"elementor-column elementor-col-50 elementor-inner-column elementor-element elementor-element-44840c5c\" data-id=\"44840c5c\" data-element_type=\"column\" data-e-type=\"column\" data-settings=\"{&quot;background_background&quot;:&quot;classic&quot;}\">\n\t\t\t<div class=\"elementor-widget-wrap elementor-element-populated\">\n\t\t\t\t\t\t<div class=\"elementor-element elementor-element-43b1d34c elementor-widget elementor-widget-text-editor\" data-id=\"43b1d34c\" data-element_type=\"widget\" data-e-type=\"widget\" data-widget_type=\"text-editor.default\">\n\t\t\t\t<div class=\"elementor-widget-container\">\n\t\t\t\t\t\t\t\t\t<p>O\u0142tarz<\/p>\t\t\t\t\t\t\t\t<\/div>\n\t\t\t\t<\/div>\n\t\t\t\t<div class=\"elementor-element elementor-element-78f99059 elementor-widget elementor-widget-heading\" data-id=\"78f99059\" data-element_type=\"widget\" data-e-type=\"widget\" data-widget_type=\"heading.default\">\n\t\t\t\t<div class=\"elementor-widget-container\">\n\t\t\t\t\t<h2 class=\"elementor-heading-title elementor-size-default\">\u015aw. Jana Nepomucena<\/h2>\t\t\t\t<\/div>\n\t\t\t\t<\/div>\n\t\t\t\t<div class=\"elementor-element elementor-element-6650a5e9 elementor-widget elementor-widget-text-editor\" data-id=\"6650a5e9\" data-element_type=\"widget\" data-e-type=\"widget\" data-widget_type=\"text-editor.default\">\n\t\t\t\t<div class=\"elementor-widget-container\">\n\t\t\t\t\t\t\t\t\t<p><span class=\"s1\">\u015aw<\/span>.\u00a0<span class=\"s1\">Jan Nepomucen<\/span>\u00a0(ur. ok. 1350 w Pomuku, zm. 20 marca 1393 w Pradze) \u2013 prezbiter, spowiednik Zofii Bawarskiej, m\u0119czennik i \u015bwi\u0119ty Ko\u015bcio\u0142a katolickiego.<\/p><p class=\"p1\"><span class=\"s1\">Jan Nepomucen<\/span>\u00a0zosta\u0142 beatyfikowany w 1721 roku przez Innocentego XIII, a kanonizowany 19 marca 1729 przez Benedykta XIII.\u00a0<\/p><p class=\"p1\">\u015awi\u0119ty przedstawiany jest w stroju kap\u0142a\u0144skim, w sutannie, birecie. W r\u0119ku palma m\u0119cze\u0144ska; niekiedy trzyma palec na ustach, symbol zachowanej tajemnicy.<\/p><p class=\"p1\">Jego atrybutami s\u0105: klucz, ksi\u0105\u017cka, k\u0142\u00f3dka, krzy\u017c w r\u0119ce, zapiecz\u0119towany list, most, piecz\u0119\u0107, wieniec z pi\u0119ciu gwiazd (w \u015brodku napis\u00a0<i>tacui<\/i>\u00a0\u2013\u00a0<i>milcza\u0142em<\/i>), woda, zamek.<\/p><p class=\"p1\">Jest patronem jezuit\u00f3w, Pragi, spowiednik\u00f3w, szczerej spowiedzi, dobrej s\u0142awy i ton\u0105cych oraz or\u0119downikiem podczas powodzi. Jest tak\u017ce patronem most\u00f3w.<\/p><p class=\"p1\">Wed\u0142ug tradycji ludowej by\u0142 \u015bwi\u0119tym, kt\u00f3ry chroni\u0142 pola i zasiewy przed powodzi\u0105, ale r\u00f3wnie\u017c i susz\u0105. Dlatego figury Jana Nepomucena mo\u017cna spotka\u0107 jeszcze dzisiaj przy drogach w s\u0105siedztwie most\u00f3w, rzek. Jego wspomnienie przypada\u00a0<span class=\"s1\">21 maja.<\/span><\/p>\t\t\t\t\t\t\t\t<\/div>\n\t\t\t\t<\/div>\n\t\t\t\t\t<\/div>\n\t\t<\/div>\n\t\t\t\t\t<\/div>\n\t\t<\/section>\n\t\t\t\t\t<\/div>\n\t\t<\/div>\n\t\t\t\t\t<\/div>\n\t\t<\/section>\n\t\t\t\t<\/div>\n\t\t","protected":false},"excerpt":{"rendered":"<p>O\u0142tarz \u015bw. Jana Nepomucena Wykonany w pierwszej po\u0142owie XVIII wieku. Obraz \u015bw. Jana Nepomucena z ukazuj\u0105c\u0105 si\u0119 Matk\u0105 Bosk\u0105 z Dzieci\u0105tkiem jest autorstwa T. Kuntzego, ok. 1758 r. O\u0142tarz \u015aw. Jana Nepomucena \u015aw.\u00a0Jan Nepomucen\u00a0(ur. ok. 1350 w Pomuku, zm. 20 marca 1393 w Pradze) \u2013 prezbiter, spowiednik Zofii Bawarskiej, m\u0119czennik i \u015bwi\u0119ty Ko\u015bcio\u0142a katolickiego. Jan Nepomucen\u00a0zosta\u0142 beatyfikowany w 1721 roku [&hellip;]<\/p>\n","protected":false},"author":1,"featured_media":0,"parent":0,"menu_order":0,"comment_status":"closed","ping_status":"closed","template":"","meta":{"footnotes":""},"class_list":["post-631","page","type-page","status-publish","hentry"],"_links":{"self":[{"href":"https:\/\/stradom.misjonarze.pl\/index.php?rest_route=\/wp\/v2\/pages\/631","targetHints":{"allow":["GET"]}}],"collection":[{"href":"https:\/\/stradom.misjonarze.pl\/index.php?rest_route=\/wp\/v2\/pages"}],"about":[{"href":"https:\/\/stradom.misjonarze.pl\/index.php?rest_route=\/wp\/v2\/types\/page"}],"author":[{"embeddable":true,"href":"https:\/\/stradom.misjonarze.pl\/index.php?rest_route=\/wp\/v2\/users\/1"}],"replies":[{"embeddable":true,"href":"https:\/\/stradom.misjonarze.pl\/index.php?rest_route=%2Fwp%2Fv2%2Fcomments&post=631"}],"version-history":[{"count":19,"href":"https:\/\/stradom.misjonarze.pl\/index.php?rest_route=\/wp\/v2\/pages\/631\/revisions"}],"predecessor-version":[{"id":1415,"href":"https:\/\/stradom.misjonarze.pl\/index.php?rest_route=\/wp\/v2\/pages\/631\/revisions\/1415"}],"wp:attachment":[{"href":"https:\/\/stradom.misjonarze.pl\/index.php?rest_route=%2Fwp%2Fv2%2Fmedia&parent=631"}],"curies":[{"name":"wp","href":"https:\/\/api.w.org\/{rel}","templated":true}]}}